{"id":819,"date":"2023-11-18T05:56:36","date_gmt":"2023-11-18T05:56:36","guid":{"rendered":"https:\/\/alt.vetdata.ch\/page-daccueil\/documentation\/"},"modified":"2023-12-30T09:04:24","modified_gmt":"2023-12-30T09:04:24","slug":"documentation","status":"publish","type":"page","link":"https:\/\/alt.vetdata.ch\/fr\/page-daccueil\/documentation\/","title":{"rendered":"Documentation"},"content":{"rendered":"\n<div class=\"wp-block-columns is-layout-flex wp-container-core-columns-is-layout-9d6595d7 wp-block-columns-is-layout-flex\">\n<div class=\"wp-block-column is-layout-flow wp-block-column-is-layout-flow\" style=\"flex-basis:100%\">\n<h3 class=\"wp-block-heading\"><strong>VETdata<\/strong>, la plateforme d\u2019\u00e9change de donn\u00e9es id\u00e9ale pour la m\u00e9decine v\u00e9t\u00e9rinaire<\/h3>\n\n\n\n<p>Fini la paperasse! Nous fournissons un syst\u00e8me de classement \u00e9lectronique parfaitement structur\u00e9 pour tous vos documents d\u2019entreprise, abrit\u00e9 dans un lieu s\u00e9curis\u00e9 et toujours accessible dans un centre de donn\u00e9es en Suisse.<\/p>\n<\/div>\n<\/div>\n\n<div class=\"wp-block-columns is-layout-flex wp-container-core-columns-is-layout-9d6595d7 wp-block-columns-is-layout-flex\">\n<div class=\"wp-block-column is-layout-flow wp-block-column-is-layout-flow\">\n<p><a href=\"https:\/\/www.tvs-ogv.ch\" target=\"_blank\" rel=\"noreferrer noopener\"><img loading=\"lazy\" decoding=\"async\" width=\"120\" height=\"53\" class=\"wp-image-389\" style=\"width: 120px;\" src=\"https:\/\/alt.vetdata.ch\/wp-content\/uploads\/2023\/11\/TVSGST_logo_kd_15.png\" alt=\"\" srcset=\"https:\/\/alt.vetdata.ch\/wp-content\/uploads\/2023\/11\/TVSGST_logo_kd_15.png 1517w, https:\/\/alt.vetdata.ch\/wp-content\/uploads\/2023\/11\/TVSGST_logo_kd_15-300x132.png 300w, https:\/\/alt.vetdata.ch\/wp-content\/uploads\/2023\/11\/TVSGST_logo_kd_15-1024x451.png 1024w, https:\/\/alt.vetdata.ch\/wp-content\/uploads\/2023\/11\/TVSGST_logo_kd_15-768x338.png 768w\" sizes=\"auto, (max-width: 120px) 100vw, 120px\" \/><\/a><\/p>\n<\/div>\n\n\n\n<div class=\"wp-block-column is-layout-flow wp-block-column-is-layout-flow\">\n<p><a href=\"https:\/\/www.vetpoint.ch\" data-type=\"link\" data-id=\"https:\/\/www.vetpoint.ch\" target=\"_blank\" rel=\"noreferrer noopener\"><img loading=\"lazy\" decoding=\"async\" width=\"150\" height=\"40\" class=\"wp-image-398\" style=\"width: 150px;\" src=\"https:\/\/alt.vetdata.ch\/wp-content\/uploads\/2023\/11\/vetpoint.logo_-scaled.jpg\" alt=\"\" srcset=\"https:\/\/alt.vetdata.ch\/wp-content\/uploads\/2023\/11\/vetpoint.logo_-scaled.jpg 2560w, https:\/\/alt.vetdata.ch\/wp-content\/uploads\/2023\/11\/vetpoint.logo_-300x80.jpg 300w, https:\/\/alt.vetdata.ch\/wp-content\/uploads\/2023\/11\/vetpoint.logo_-1024x272.jpg 1024w, https:\/\/alt.vetdata.ch\/wp-content\/uploads\/2023\/11\/vetpoint.logo_-768x204.jpg 768w, https:\/\/alt.vetdata.ch\/wp-content\/uploads\/2023\/11\/vetpoint.logo_-1536x408.jpg 1536w, https:\/\/alt.vetdata.ch\/wp-content\/uploads\/2023\/11\/vetpoint.logo_-2048x544.jpg 2048w\" sizes=\"auto, (max-width: 150px) 100vw, 150px\" \/><\/a><\/p>\n<\/div>\n\n\n\n<div class=\"wp-block-column is-layout-flow wp-block-column-is-layout-flow\">\n<p><a href=\"https:\/\/alt.vetdata.ch\/fr\/\" data-type=\"page\" data-id=\"116\"><img loading=\"lazy\" decoding=\"async\" width=\"120\" height=\"23\" class=\"wp-image-408\" style=\"width: 120px;\" src=\"https:\/\/alt.vetdata.ch\/wp-content\/uploads\/2023\/11\/vetdata.png\" alt=\"\" srcset=\"https:\/\/alt.vetdata.ch\/wp-content\/uploads\/2023\/11\/vetdata.png 1311w, https:\/\/alt.vetdata.ch\/wp-content\/uploads\/2023\/11\/vetdata-300x57.png 300w, https:\/\/alt.vetdata.ch\/wp-content\/uploads\/2023\/11\/vetdata-1024x196.png 1024w, https:\/\/alt.vetdata.ch\/wp-content\/uploads\/2023\/11\/vetdata-768x147.png 768w\" sizes=\"auto, (max-width: 120px) 100vw, 120px\" \/><\/a><\/p>\n<\/div>\n<\/div>\n\n<div class=\"wp-block-columns is-layout-flex wp-container-core-columns-is-layout-9d6595d7 wp-block-columns-is-layout-flex\">\n<div class=\"wp-block-column is-layout-flow wp-block-column-is-layout-flow\">\n<h3 class=\"wp-block-heading\">Facturation<\/h3>\n\n\n\n<h5 class=\"wp-block-heading\">Tous les affili\u00e9 \u00e0 l\u2019OGV peuvent consulter en ligne leur compte OGV \u00e0 tout moment et voir l\u2019\u00e9volution du solde de leur compte.<br\/>Bien entendu, outre les relev\u00e9s de compte, tous les autres documents (d\u00e9comptes d\u2019int\u00e9r\u00eats, relev\u00e9 d\u2019imp\u00f4t anticip\u00e9, bonus, dividendes) sont \u00e9galement disponibles.<\/h5>\n<\/div>\n\n\n\n<div class=\"wp-block-column is-layout-flow wp-block-column-is-layout-flow\">\n<h3 class=\"wp-block-heading\">Commande<\/h3>\n\n\n\n<h5 class=\"wp-block-heading\">Les factures des commandes pass\u00e9es via la plateforme Vetpoint sont consultables en ligne, au format PDF (facture originale du fournisseur), ou directement structur\u00e9e avec tous les d\u00e9tails du produit.<\/h5>\n<\/div>\n\n\n\n<div class=\"wp-block-column is-layout-flow wp-block-column-is-layout-flow\">\n<h3 class=\"wp-block-heading\">Archivage individuel de documents<\/h3>\n\n\n\n<h5 class=\"wp-block-heading\">Consignez tous vos autres documents importants \u2013 correspondance, factures d\u2019\u00e9lectricit\u00e9, de t\u00e9l\u00e9communications, de nettoyage etc. \u2013 dans les archives VETdata, et d\u00e9finissez des mots-cl\u00e9s pertinents pour les retrouver. Nous assurons un entreposage num\u00e9rique (digitalis\u00e9) conforme \u00e0 la loi durant au moins 10 ans.<\/h5>\n\n\n\n<h5 class=\"wp-block-heading\">Tous les documents qui se trouvent sur VETdata ne doivent plus \u00eatre archiv\u00e9s sous forme de papier.<\/h5>\n<\/div>\n<\/div>\n","protected":false},"excerpt":{"rendered":"<p>VETdata, la plateforme d\u2019\u00e9change de donn\u00e9es id\u00e9ale pour la m\u00e9decine v\u00e9t\u00e9rinaire Fini la paperasse! Nous fournissons un syst\u00e8me de classement \u00e9lectronique parfaitement structur\u00e9 pour tous vos documents d\u2019entreprise, abrit\u00e9 dans un lieu s\u00e9curis\u00e9 et toujours accessible dans un centre de donn\u00e9es en Suisse. Facturation Tous les affili\u00e9 \u00e0 l\u2019OGV peuvent consulter en ligne leur compte &#8230; <a title=\"Documentation\" class=\"read-more\" href=\"https:\/\/alt.vetdata.ch\/fr\/page-daccueil\/documentation\/\" aria-label=\"En savoir plus sur Documentation\">Lire la suite<\/a><\/p>\n","protected":false},"author":1,"featured_media":0,"parent":305,"menu_order":1,"comment_status":"closed","ping_status":"closed","template":"","meta":{"footnotes":""},"class_list":["post-819","page","type-page","status-publish"],"_links":{"self":[{"href":"https:\/\/alt.vetdata.ch\/fr\/wp-json\/wp\/v2\/pages\/819","targetHints":{"allow":["GET"]}}],"collection":[{"href":"https:\/\/alt.vetdata.ch\/fr\/wp-json\/wp\/v2\/pages"}],"about":[{"href":"https:\/\/alt.vetdata.ch\/fr\/wp-json\/wp\/v2\/types\/page"}],"author":[{"embeddable":true,"href":"https:\/\/alt.vetdata.ch\/fr\/wp-json\/wp\/v2\/users\/1"}],"replies":[{"embeddable":true,"href":"https:\/\/alt.vetdata.ch\/fr\/wp-json\/wp\/v2\/comments?post=819"}],"version-history":[{"count":3,"href":"https:\/\/alt.vetdata.ch\/fr\/wp-json\/wp\/v2\/pages\/819\/revisions"}],"predecessor-version":[{"id":830,"href":"https:\/\/alt.vetdata.ch\/fr\/wp-json\/wp\/v2\/pages\/819\/revisions\/830"}],"up":[{"embeddable":true,"href":"https:\/\/alt.vetdata.ch\/fr\/wp-json\/wp\/v2\/pages\/305"}],"wp:attachment":[{"href":"https:\/\/alt.vetdata.ch\/fr\/wp-json\/wp\/v2\/media?parent=819"}],"curies":[{"name":"wp","href":"https:\/\/api.w.org\/{rel}","templated":true}]}}