{"id":817,"date":"2023-11-18T06:03:43","date_gmt":"2023-11-18T05:03:43","guid":{"rendered":"https:\/\/alt.vetdata.ch\/page-daccueil\/a-propos-de-nous\/"},"modified":"2025-07-28T18:55:50","modified_gmt":"2025-07-28T16:55:50","slug":"a-propos-de-nous","status":"publish","type":"page","link":"https:\/\/alt.vetdata.ch\/fr\/page-daccueil\/a-propos-de-nous\/","title":{"rendered":"\u00c0 propos de nous"},"content":{"rendered":"\n<div class=\"wp-block-columns is-layout-flex wp-container-core-columns-is-layout-9d6595d7 wp-block-columns-is-layout-flex\">\n<div class=\"wp-block-column is-layout-flow wp-block-column-is-layout-flow\" style=\"flex-basis:100%\">\n<div class=\"wp-block-columns is-layout-flex wp-container-core-columns-is-layout-9d6595d7 wp-block-columns-is-layout-flex\">\n<div class=\"wp-block-column is-layout-flow wp-block-column-is-layout-flow\">\n<p class=\"has-large-font-size\">Un produit de <strong>pmedata sa<\/strong><\/p>\n\n\n\n<p>Nous nous sommes fix\u00e9 pour objectif de fournir une plateforme d\u2019\u00e9change de donn\u00e9es fiables aux PME suisses. Avec <strong>VETdata<\/strong> , la premi\u00e8re solution sp\u00e9cifiquement con\u00e7ue pour la m\u00e9decine v\u00e9t\u00e9rinaire est dans les starting-blocks.<\/p>\n<\/div>\n\n\n\n<div class=\"wp-block-column is-layout-flow wp-block-column-is-layout-flow\">\n<figure class=\"wp-block-image size-full\"><img loading=\"lazy\" decoding=\"async\" width=\"1618\" height=\"1080\" src=\"https:\/\/alt.vetdata.ch\/wp-content\/uploads\/2023\/11\/5p_7m5mp2iw.webp\" alt=\"\" class=\"wp-image-594\" srcset=\"https:\/\/alt.vetdata.ch\/wp-content\/uploads\/2023\/11\/5p_7m5mp2iw.webp 1618w, https:\/\/alt.vetdata.ch\/wp-content\/uploads\/2023\/11\/5p_7m5mp2iw-300x200.webp 300w, https:\/\/alt.vetdata.ch\/wp-content\/uploads\/2023\/11\/5p_7m5mp2iw-1024x684.webp 1024w, https:\/\/alt.vetdata.ch\/wp-content\/uploads\/2023\/11\/5p_7m5mp2iw-768x513.webp 768w, https:\/\/alt.vetdata.ch\/wp-content\/uploads\/2023\/11\/5p_7m5mp2iw-1536x1025.webp 1536w\" sizes=\"auto, (max-width: 1618px) 100vw, 1618px\" \/><\/figure>\n<\/div>\n<\/div>\n<\/div>\n<\/div>\n\n\n\n<p class=\"has-text-align-center has-large-font-size\">direction \/ conseil d&rsquo;administration<\/p>\n\n\n\n<p class=\"has-text-align-center has-medium-font-size\">Les personnes \u00e0 l&rsquo;origine de la pmedata sa<\/p>\n\n\n\n<div class=\"wp-block-columns is-layout-flex wp-container-core-columns-is-layout-9d6595d7 wp-block-columns-is-layout-flex\">\n<div class=\"wp-block-column is-layout-flow wp-block-column-is-layout-flow\">\n<div class=\"wp-block-columns is-layout-flex wp-container-core-columns-is-layout-9d6595d7 wp-block-columns-is-layout-flex\">\n<div class=\"wp-block-column is-layout-flow wp-block-column-is-layout-flow\">\n<figure class=\"wp-block-image size-full is-resized is-style-default\"><a href=\"mailto:roger.pfister@kmudata.ch\"><img loading=\"lazy\" decoding=\"async\" width=\"226\" height=\"218\" src=\"https:\/\/alt.vetdata.ch\/wp-content\/uploads\/2023\/11\/roger_pfister-e1702755011272.webp\" alt=\"\" class=\"wp-image-576\" style=\"object-fit:cover;width:256px;height:256px\"\/><\/a><\/figure>\n<\/div>\n\n\n\n<div class=\"wp-block-column is-layout-flow wp-block-column-is-layout-flow\">\n<figure class=\"wp-block-image size-full is-resized is-style-default\"><a href=\"mailto:gregor.taeschler@kmudata.ch\"><img loading=\"lazy\" decoding=\"async\" width=\"224\" height=\"216\" src=\"https:\/\/alt.vetdata.ch\/wp-content\/uploads\/2023\/11\/gregor_taeschler-e1702754917751.webp\" alt=\"\" class=\"wp-image-584\" style=\"object-fit:cover;width:256px;height:256px\"\/><\/a><\/figure>\n<\/div>\n\n\n\n<div class=\"wp-block-column is-layout-flow wp-block-column-is-layout-flow\">\n<figure class=\"wp-block-image size-full is-resized\"><a href=\"mailto:kaspar.rohner@kmudata.ch\"><img loading=\"lazy\" decoding=\"async\" width=\"227\" height=\"228\" src=\"https:\/\/alt.vetdata.ch\/wp-content\/uploads\/2023\/11\/kaspar_rohner.webp\" alt=\"\" class=\"wp-image-572\" style=\"object-fit:cover;width:256px;height:256px\"\/><\/a><\/figure>\n<\/div>\n\n\n\n<div class=\"wp-block-column is-layout-flow wp-block-column-is-layout-flow\">\n<figure class=\"wp-block-image size-full is-resized is-style-default\"><a href=\"mailto:stefan.schellenberg@kmudata.ch\"><img decoding=\"async\" src=\"https:\/\/alt.vetdata.ch\/wp-content\/uploads\/2023\/11\/schellenberg-stefan.webp\" alt=\"\" class=\"wp-image-580\" style=\"object-fit:cover;width:256px;height:256px\"\/><\/a><\/figure>\n<\/div>\n<\/div>\n<\/div>\n<\/div>\n\n\n\n<div class=\"wp-block-columns is-layout-flex wp-container-core-columns-is-layout-9d6595d7 wp-block-columns-is-layout-flex\">\n<div class=\"wp-block-column is-layout-flow wp-block-column-is-layout-flow\">\n<p class=\"has-text-align-center\"><a href=\"mailto:roger.pfister@kmudata.ch\" data-type=\"mailto\" data-id=\"mailto:roger.pfister@kmudata.ch\">Roger Pfister<\/a><\/p>\n\n\n\n<p class=\"has-text-align-center has-small-font-size\">informaticien <br>associ\u00e9 de nowhow solutions ag<\/p>\n<\/div>\n\n\n\n<div class=\"wp-block-column is-layout-flow wp-block-column-is-layout-flow\">\n<p class=\"has-text-align-center\"><a href=\"mailto:gregor.taeschler@kmudata.ch\">Gregor Taeschler<\/a><\/p>\n\n\n\n<p class=\"has-text-align-center has-small-font-size\">auditeur certifi\u00e9 <br>g\u00e9rant de l&rsquo;OGV<\/p>\n<\/div>\n\n\n\n<div class=\"wp-block-column is-layout-flow wp-block-column-is-layout-flow\">\n<p class=\"has-text-align-center\"><a href=\"mailto:kaspar.rohner@kmudata.ch\">Kaspar Rohner<\/a><\/p>\n\n\n\n<p class=\"has-text-align-center has-small-font-size\">v\u00e9t\u00e9rinaire praticien <br>Dr. m\u00e9d. v\u00e9t. <br>propri\u00e9taire du cabinet Tierarztpraxis Rohner AG<\/p>\n<\/div>\n\n\n\n<div class=\"wp-block-column is-layout-flow wp-block-column-is-layout-flow\">\n<p class=\"has-text-align-center\"><a href=\"mailto:stefan.schellenberg@kmudata.ch\">Stefan Schellenberg<\/a><\/p>\n\n\n\n<p class=\"has-text-align-center has-small-font-size\">v\u00e9t\u00e9rinaire praticien <br>Dr. m\u00e9d. v\u00e9t. Dipl. ACVIM<br>Copropri\u00e9taire et membre du directoire de la Clinique v\u00e9t\u00e9rinaire Aarau West AG<\/p>\n<\/div>\n<\/div>\n","protected":false},"excerpt":{"rendered":"<p>Un produit de pmedata sa Nous nous sommes fix\u00e9 pour objectif de fournir une plateforme d\u2019\u00e9change de donn\u00e9es fiables aux PME suisses. Avec VETdata , la premi\u00e8re solution sp\u00e9cifiquement con\u00e7ue pour la m\u00e9decine v\u00e9t\u00e9rinaire est dans les starting-blocks. direction \/ conseil d&rsquo;administration Les personnes \u00e0 l&rsquo;origine de la pmedata sa Roger Pfister informaticien associ\u00e9 de &#8230; <a title=\"\u00c0 propos de nous\" class=\"read-more\" href=\"https:\/\/alt.vetdata.ch\/fr\/page-daccueil\/a-propos-de-nous\/\" aria-label=\"En savoir plus sur \u00c0 propos de nous\">Lire la suite<\/a><\/p>\n","protected":false},"author":1,"featured_media":0,"parent":305,"menu_order":0,"comment_status":"closed","ping_status":"closed","template":"","meta":{"footnotes":""},"class_list":["post-817","page","type-page","status-publish"],"_links":{"self":[{"href":"https:\/\/alt.vetdata.ch\/fr\/wp-json\/wp\/v2\/pages\/817","targetHints":{"allow":["GET"]}}],"collection":[{"href":"https:\/\/alt.vetdata.ch\/fr\/wp-json\/wp\/v2\/pages"}],"about":[{"href":"https:\/\/alt.vetdata.ch\/fr\/wp-json\/wp\/v2\/types\/page"}],"author":[{"embeddable":true,"href":"https:\/\/alt.vetdata.ch\/fr\/wp-json\/wp\/v2\/users\/1"}],"replies":[{"embeddable":true,"href":"https:\/\/alt.vetdata.ch\/fr\/wp-json\/wp\/v2\/comments?post=817"}],"version-history":[{"count":2,"href":"https:\/\/alt.vetdata.ch\/fr\/wp-json\/wp\/v2\/pages\/817\/revisions"}],"predecessor-version":[{"id":1527,"href":"https:\/\/alt.vetdata.ch\/fr\/wp-json\/wp\/v2\/pages\/817\/revisions\/1527"}],"up":[{"embeddable":true,"href":"https:\/\/alt.vetdata.ch\/fr\/wp-json\/wp\/v2\/pages\/305"}],"wp:attachment":[{"href":"https:\/\/alt.vetdata.ch\/fr\/wp-json\/wp\/v2\/media?parent=817"}],"curies":[{"name":"wp","href":"https:\/\/api.w.org\/{rel}","templated":true}]}}