{"id":809,"date":"2023-11-18T06:04:26","date_gmt":"2023-11-18T06:04:26","guid":{"rendered":"https:\/\/alt.vetdata.ch\/page-daccueil\/protection-des-donnees\/"},"modified":"2023-12-29T17:03:55","modified_gmt":"2023-12-29T17:03:55","slug":"protection-des-donnees","status":"publish","type":"page","link":"https:\/\/alt.vetdata.ch\/fr\/page-daccueil\/protection-des-donnees\/","title":{"rendered":"Protection des donn\u00e9es"},"content":{"rendered":"\n<h3 class=\"wp-block-heading\">D\u00e9claration de protection des donn\u00e9es de VETdata<\/h3>\n\n<h5 class=\"wp-block-heading\"><strong>1. <\/strong><strong>Protection des donn\u00e9es par VETdata<\/strong><\/h5>\n\n<p>Le traitement responsable des donn\u00e9es personnelles des utilisatrices et utilisateurs (ci-apr\u00e8s les \u00abutili-sateurs\u00bb) de VETdata (un produit de kmudata ag, n\u00b0 de IDE: CHE-486.181.736) nous tenant \u00e0 c\u0153ur, nous prenons la protection des donn\u00e9es au s\u00e9rieux.<\/p>\n\n<p>La pr\u00e9sente d\u00e9claration de protection des donn\u00e9es vous renseigne sur les donn\u00e9es personnelles que nous collectons \u00e0 votre sujet, la mani\u00e8re dont nous les traitons et leurs destinataires \u00e9ventuels. Vous trouverez \u00e9galement des informations compl\u00e9mentaires sur l\u2019exercice de vos droits li\u00e9s \u00e0 vos donn\u00e9es personnelles.<\/p>\n\n<p>Afin de prot\u00e9ger vos donn\u00e9es personnelles contre tout acc\u00e8s non autoris\u00e9, nous prenons des me-sures de s\u00e9curit\u00e9 adapt\u00e9es aux risques en pr\u00e9sence. Nous ajustons ces mesures en permanence pour qu\u2019elles restent conformes \u00e0 l\u2019\u00e9tat actuel de la tech-nique.<\/p>\n\n<p>En utilisant notre site Internet et\/ou notre plateforme de donn\u00e9es, vous consentez au traitement de vos donn\u00e9es personnelles et acceptez les pr\u00e9sentes dispositions relatives \u00e0 la protection des don-n\u00e9es.<\/p>\n\n<p>VETdata n\u2019est pas responsable du respect des dispositions l\u00e9gales en ce qui concerne la protection des donn\u00e9es que l\u2019utilisateur charge et enregistre lui-m\u00eame sur la plateforme. Ceci rel\u00e8ve de la responsabilit\u00e9 de l\u2019utilisateur de la plateforme.<\/p>\n\n<p>La pr\u00e9sente d\u00e9claration peut \u00eatre modifi\u00e9e de temps \u00e0 autre. La version actuelle date de novembre 2023.<\/p>\n\n<h5 class=\"wp-block-heading\"><strong>2. <\/strong><strong>D\u00e9l\u00e9gu\u00e9 \u00e0 la protection des donn\u00e9es<\/strong><\/h5>\n\n<p>Pour toute question relative \u00e0 la protection des donn\u00e9es, veuillez vous adresser \u00e0 kmudata ag par e-mail ou par voie postale (cf. chiffre 10).<\/p>\n\n<h5 class=\"wp-block-heading\"><strong>3. <\/strong><strong>Champ d\u2019application<\/strong><\/h5>\n\n<p>La pr\u00e9sente d\u00e9claration de protection des donn\u00e9es s\u2019applique \u00e0 toutes les personnes dont nous trai-tons les donn\u00e9es, ind\u00e9pendamment de la mani\u00e8re dont elles entrent en contact avec nous. Elle s\u2019applique aussi bien au traitement des donn\u00e9es personnelles d\u00e9j\u00e0 collect\u00e9es qu\u2019\u00e0 celles qui le seront \u00e0 l&rsquo;avenir.<\/p>\n\n<h5 class=\"wp-block-heading\"><strong>4. <\/strong><strong>Principes et finalit\u00e9 du traitement des donn\u00e9es personnelles<\/strong><\/h5>\n\n<p>Le traitement porte sur des donn\u00e9es personnelles ordinaires et, dans certaines circonstances, des donn\u00e9es personnelles sensibles des utilisateurs de VETdata. Le traitement vise \u00e0 fournir la prestation propos\u00e9e, \u00e0 savoir l\u2019exploitation d\u2019une plateforme d\u2019\u00e9change et de conservation de donn\u00e9es d\u2019entreprise num\u00e9riques (telles que des commandes, des bordereaux de livraison, des factures, etc.). VETdata traite \u00e9galement des donn\u00e9es personnelles dans le but d\u2019assurer une liaison id\u00e9ale avec l\u2019OGV (Office de gestion des v\u00e9t\u00e9rinaires SVS S.A.) et Vetpoint (plateforme de commande par Internet de produits v\u00e9t\u00e9rinaires). Le traitement des donn\u00e9es personnelles est \u00e9galement n\u00e9cessaire pour r\u00e9pondre aux demandes de contact, \u00e0 des fins de marketing, pour d\u2019\u00e9ventuelles mesures de s\u00e9curit\u00e9, pour adapter le site Internet aux besoins des utilisateurs, \u00e0 des fins statistiques, pour traiter les candidatures ainsi que pour inte-ragir avec des organisations et des autorit\u00e9s. Les collaborateurs traitent \u00e9galement des donn\u00e9es personnelles ordinaires et des donn\u00e9es person-nelles sensibles. Le traitement se limite aux donn\u00e9es n\u00e9cessaires \u00e0 la finalit\u00e9 du traitement. Les donn\u00e9es sont conserv\u00e9es aussi longtemps qu\u2019elles restent n\u00e9cessaires \u00e0 la finalit\u00e9 de leur collecte. Des donn\u00e9es peuvent \u00e9galement \u00eatre transmises \u00e0 des tiers dans le cadre de relations contractuelles avec des sous-traitants. Toutefois, aucune donn\u00e9e n\u2019est transmise \u00e0 l&rsquo;\u00e9tranger dans le cadre de relations contractuelles. N\u00e9anmoins, la transmission de donn\u00e9es \u00e0 l\u2019\u00e9tranger n\u2019est pas exclue par principe.<\/p>\n\n<h5 class=\"wp-block-heading\"><strong>5. <\/strong><strong>Newsletter<\/strong><\/h5>\n\n<p>Si vous avez explicitement ou implicitement consenti \u00e0 ce que nous utilisions votre adresse e-mail pour vous faire parvenir la newsletter ou \u00e0 des fins publicitaires, nous vous enverrons r\u00e9guli\u00e8rement les num\u00e9ros de la newsletter ou des informations sur mesure pour attirer votre attention sur d\u2019autres prestations ou des nouveaut\u00e9s de VETdata. Vous pouvez \u00e0 tout moment vous opposer \u00e0 ce traitement de votre adresse e-mail en vous d\u00e9sabon-nant au moyen du lien figurant au bas de la newsletter ou, en ce qui concerne les e-mails publicitaires, via l\u2019adresse e-mail mentionn\u00e9e au chiffre 10.<\/p>\n\n<h5 class=\"wp-block-heading\"><strong>6. <\/strong><strong>Technologies utilis\u00e9es<\/strong><\/h5>\n\n<h6 class=\"wp-block-heading\"><strong>6.1 <\/strong><strong>Formulaire de contact<\/strong><\/h6>\n\n<p>Le formulaire de contact rempli sur la plateforme VETdata est envoy\u00e9 sous forme d\u2019e-mail \u00e0 kmudata ag. Aucune adresse IP de l\u2019exp\u00e9diteur ou d\u2019autres donn\u00e9es ne sont stock\u00e9es.<\/p>\n\n<h6 class=\"wp-block-heading\"><strong>6.2<\/strong><strong>Fichier journal du serveur<\/strong><\/h6>\n\n<p>Les ouvertures de pages sont enregistr\u00e9es dans un fichier journal du serveur web et effac\u00e9es au bout de 90 jours.<\/p>\n\n<p>Ces entr\u00e9es contiennent les informations suivantes:<\/p>\n\n<ul class=\"wp-block-list\">\n<li>l\u2019adresse IP \u00e0 partir de laquelle la page est consult\u00e9e<\/li>\n\n\n\n<li>la sous-page qui a \u00e9t\u00e9 consult\u00e9e et la r\u00e9ussite ou l\u2019\u00e9chec de l\u2019ouverture<\/li>\n\n\n\n<li>la taille du fichier transf\u00e9r\u00e9<\/li>\n\n\n\n<li>la date et l\u2019heure de la consultation de la page<\/li>\n\n\n\n<li>si la page est consult\u00e9e par le biais d\u2019un lien, la page d\u2019origine est \u00e9galement enregistr\u00e9e (r\u00e9f\u00e9rent HTTP) dans la mesure o\u00f9 votre navigateur envoie \u00e9galement ces informations<\/li>\n\n\n\n<li>le navigateur Internet utilis\u00e9 pour l\u2019ouverture et le syst\u00e8me d\u2019exploitation utilis\u00e9 (agent utilisa-teur)<\/li>\n\n\n\n<li>la langue transmise par le navigateur Internet (indirectement).<\/li>\n<\/ul>\n\n<p>Les acc\u00e8s au serveur web sont enregistr\u00e9s pour permettre de d\u00e9tecter et d\u2019analyser les attaques et les dysfonctionnements sur le site Internet, mais pas \u00e0 des fins publicitaires.<\/p>\n\n<h6 class=\"wp-block-heading\"><strong>6.3 <\/strong><strong>Cookies<\/strong><\/h6>\n\n<p>Un cookie temporaire (cookie de session) est install\u00e9 lorsque vous consultez le site Internet. Il sert au fonctionnement technique du site Internet.<\/p>\n\n<p>Un cookie est une cha\u00eene de caract\u00e8res simple enregistr\u00e9e dans le navigateur Internet. Les cookies de session ne sont enregistr\u00e9s que jusqu\u2019\u00e0 la fermeture du navigateur Internet.<\/p>\n\n<p>Lors de la consultation du site, d\u2019autres cookies sont install\u00e9s par Google Analytics.<\/p>\n\n<p>En g\u00e9n\u00e9ral, l\u2019installation de cookies peut \u00eatre d\u00e9sactiv\u00e9e dans le navigateur Internet et les cookies existants peuvent y \u00eatre supprim\u00e9s.<\/p>\n\n<h6 class=\"wp-block-heading\"><strong>6.4 <\/strong><strong>hCaptcha<\/strong><\/h6>\n\n<p>Un hCaptcha est utilis\u00e9 lors de l\u2019envoi de formulaires de contact pour des raisons de s\u00e9curit\u00e9. Il permet de d\u00e9tecter les saisies abusives, \u00e9ventuellement g\u00e9n\u00e9r\u00e9es par un ordinateur, sur notre site Internet.<\/p>\n\n<h5 class=\"wp-block-heading\"><strong>7. <\/strong><strong>Hyperliens vers d\u2019autres sites<\/strong><\/h5>\n\n<p>Le site Internet <a href=\"https:\/\/alt.vetdata.ch\/\" target=\"_blank\" rel=\"noreferrer noopener\">www.vetdata.ch<\/a> contient des liens menant \u00e0 des sites Internet de tiers. kmudata ag ou la plateforme VETdata d\u00e9cline toute responsabilit\u00e9 quant aux contenus auxquels m\u00e8-nent des liens externes.<\/p>\n\n<h5 class=\"wp-block-heading\"><strong>8. <\/strong><strong>S\u00e9curit\u00e9 des donn\u00e9es<\/strong><\/h5>\n\n<p>Le site Internet est exclusivement accessible via https:\/\/, c\u2019est-\u00e0-dire via un cryptage TLS. Celui-ci garantit la transmission s\u00e9curis\u00e9e des donn\u00e9es que vous avez saisies.<\/p>\n\n<p>Les r\u00e9seaux de donn\u00e9es utilis\u00e9s sont s\u00e9curis\u00e9s et conformes aux normes techniques en vigueur. Des mesures techniques et organisationnelles appropri\u00e9es sont prises pour prot\u00e9ger vos donn\u00e9es contre perte, destruction, falsification, manipulation ou consultation non autoris\u00e9e.<\/p>\n\n<p>Bien qu\u2019elle mette en \u0153uvre tous les moyens n\u00e9cessaires pour emp\u00eacher la divulgation de donn\u00e9es suite \u00e0 des erreurs de transmission ou d\u2019acc\u00e8s non autoris\u00e9s par des tiers, VETdata d\u00e9cline toute res-ponsabilit\u00e9 quant \u00e0 de tels \u00e9v\u00e9nements ind\u00e9sirables.<\/p>\n\n<h5 class=\"wp-block-heading\"><strong>9. <\/strong><strong>Droits d\u2019auteur et droits de marque<\/strong><\/h5>\n\n<p>Il est permis de t\u00e9l\u00e9charger, d\u2019enregistrer, d\u2019imprimer ou de reproduire certaines pages ou sections du site web \u00e0 des fins personnelles ou internes \u00e0 l\u2019entreprise, \u00e0 condition de ne supprimer ni les men-tions de droit d\u2019auteur ni les autres d\u00e9signations prot\u00e9g\u00e9es par la loi. kmudata ag et VETdata restent titulaires de tous les droits de propri\u00e9t\u00e9 et d\u2019utilisation. Ce consentement peut \u00eatre r\u00e9voqu\u00e9 \u00e0 tout moment. La reproduction (compl\u00e8te ou partielle), la transmission (par voie \u00e9lectronique ou par d\u2019autres moyens), la modification, l\u2019utilisation \u00e0 des fins publiques ou commerciales des informations et pres-tations de toute nature figurant sur ce site Internet et la cr\u00e9ation de liens vers celles-ci requi\u00e8rent l\u2019autorisation pr\u00e9alable \u00e9crite de kmudata ag ou de VETdata.<\/p>\n\n<h5 class=\"wp-block-heading\"><strong>10. <\/strong><strong>Droits des personnes concern\u00e9es<\/strong><\/h5>\n\n<p>Vous avez le droit de demander \u00e0 tout moment quelles donn\u00e9es vous concernant sont enregistr\u00e9es. En outre, vous pouvez demander la rectification, l\u2019effacement, la limitation ou la restitution de vos donn\u00e9es personnelles. Vous devez envoyer votre demande par \u00e9crit y joignant une copie d\u2019une pi\u00e8ce d&rsquo;identit\u00e9, par e-mail <strong>(admin@kmudata.ch)<\/strong> en scannant la copie ou par courrier postal adress\u00e9 \u00e0 <strong>VETdata, c\/o kmudata ag, Bogenstrasse 7, CH-9000 Saint-Gall<\/strong>.<\/p>\n\n<p>Vous pouvez \u00e9galement porter plainte aupr\u00e8s de l\u2019autorit\u00e9 de surveillance comp\u00e9tente en mati\u00e8re de protection des donn\u00e9es.<\/p>\n\n<p>Novembre 2023<\/p>\n","protected":false},"excerpt":{"rendered":"<p>D\u00e9claration de protection des donn\u00e9es de VETdata 1. Protection des donn\u00e9es par VETdata Le traitement responsable des donn\u00e9es personnelles des utilisatrices et utilisateurs (ci-apr\u00e8s les \u00abutili-sateurs\u00bb) de VETdata (un produit de kmudata ag, n\u00b0 de IDE: CHE-486.181.736) nous tenant \u00e0 c\u0153ur, nous prenons la protection des donn\u00e9es au s\u00e9rieux. La pr\u00e9sente d\u00e9claration de protection des &#8230; <a title=\"Protection des donn\u00e9es\" class=\"read-more\" href=\"https:\/\/alt.vetdata.ch\/fr\/page-daccueil\/protection-des-donnees\/\" aria-label=\"En savoir plus sur Protection des donn\u00e9es\">Lire la suite<\/a><\/p>\n","protected":false},"author":1,"featured_media":0,"parent":305,"menu_order":0,"comment_status":"closed","ping_status":"closed","template":"","meta":{"footnotes":""},"class_list":["post-809","page","type-page","status-publish"],"_links":{"self":[{"href":"https:\/\/alt.vetdata.ch\/fr\/wp-json\/wp\/v2\/pages\/809","targetHints":{"allow":["GET"]}}],"collection":[{"href":"https:\/\/alt.vetdata.ch\/fr\/wp-json\/wp\/v2\/pages"}],"about":[{"href":"https:\/\/alt.vetdata.ch\/fr\/wp-json\/wp\/v2\/types\/page"}],"author":[{"embeddable":true,"href":"https:\/\/alt.vetdata.ch\/fr\/wp-json\/wp\/v2\/users\/1"}],"replies":[{"embeddable":true,"href":"https:\/\/alt.vetdata.ch\/fr\/wp-json\/wp\/v2\/comments?post=809"}],"version-history":[{"count":3,"href":"https:\/\/alt.vetdata.ch\/fr\/wp-json\/wp\/v2\/pages\/809\/revisions"}],"predecessor-version":[{"id":812,"href":"https:\/\/alt.vetdata.ch\/fr\/wp-json\/wp\/v2\/pages\/809\/revisions\/812"}],"up":[{"embeddable":true,"href":"https:\/\/alt.vetdata.ch\/fr\/wp-json\/wp\/v2\/pages\/305"}],"wp:attachment":[{"href":"https:\/\/alt.vetdata.ch\/fr\/wp-json\/wp\/v2\/media?parent=809"}],"curies":[{"name":"wp","href":"https:\/\/api.w.org\/{rel}","templated":true}]}}