{"id":772,"date":"2023-11-18T06:01:22","date_gmt":"2023-11-18T06:01:22","guid":{"rendered":"https:\/\/alt.vetdata.ch\/page-daccueil\/contact\/"},"modified":"2024-04-21T10:52:26","modified_gmt":"2024-04-21T08:52:26","slug":"contact","status":"publish","type":"page","link":"https:\/\/alt.vetdata.ch\/fr\/page-daccueil\/contact\/","title":{"rendered":"Contact"},"content":{"rendered":"\n<div class=\"wp-block-columns is-layout-flex wp-container-core-columns-is-layout-9d6595d7 wp-block-columns-is-layout-flex\">\n<div class=\"wp-block-column is-layout-flow wp-block-column-is-layout-flow\" style=\"flex-basis:50%\">\n<p>VETdata<br\/>c\/o kmudata ag<br\/>Bogenstrasse 7<br\/>CH-9000 St. Gallen<\/p>\n\n\n\n<p>Tel. +41 71 571 48 77<\/p>\n<\/div>\n\n\n\n<div class=\"wp-block-column is-layout-flow wp-block-column-is-layout-flow\" style=\"flex-basis:50%\">\n<h3 class=\"wp-block-heading\">Formulaire de contact<\/h3>\n\n\n\n<p>Si vous souhaitez nous envoyer un message, veuillez remplir int\u00e9gralement les champs ci-dessous. Nous vous contacterons d\u00e8s que possible.<\/p>\n\n\n<p class=\"wpcf7-contact-form-not-found\"><strong>Erreur\u00a0:<\/strong> Formulaire de contact non trouv\u00e9\u00a0!<\/p>\n<\/div>\n<\/div>\n\n<h2 class=\"wp-block-heading\">Impressum<\/h2>\n\n<div class=\"wp-block-columns is-layout-flex wp-container-core-columns-is-layout-9d6595d7 wp-block-columns-is-layout-flex\">\n<div class=\"wp-block-column is-layout-flow wp-block-column-is-layout-flow\" style=\"flex-basis:50%\">\n<h4 class=\"wp-block-heading\">Responsabilit\u00e9 globale contenu<\/h4>\n\n\n\n<p>kmudata ag<br\/>Bogenstrasse 7<br\/>CH-9000 St. Gallen<\/p>\n\n\n\n<p><a href=\"mailto:info@kmudata.ch\" target=\"_blank\" rel=\"noreferrer noopener\">info@kmudata.ch<\/a><\/p>\n<\/div>\n\n\n\n<div class=\"wp-block-column is-layout-flow wp-block-column-is-layout-flow\" style=\"flex-basis:50%\">\n<h4 class=\"wp-block-heading\">Programmation<\/h4>\n\n\n\n<p>nowhow solutions ag<br\/>Laupenstrasse 1<br\/>CH-3008 Bern<\/p>\n\n\n\n<p><a href=\"mailto:info@nowhow.ch\" target=\"_blank\" rel=\"noreferrer noopener\">info@nowhow.ch<\/a><\/p>\n<\/div>\n<\/div>\n","protected":false},"excerpt":{"rendered":"<p>VETdatac\/o kmudata agBogenstrasse 7CH-9000 St. Gallen Tel. +41 71 571 48 77 Formulaire de contact Si vous souhaitez nous envoyer un message, veuillez remplir int\u00e9gralement les champs ci-dessous. Nous vous contacterons d\u00e8s que possible. Impressum Responsabilit\u00e9 globale contenu kmudata agBogenstrasse 7CH-9000 St. Gallen info@kmudata.ch Programmation nowhow solutions agLaupenstrasse 1CH-3008 Bern info@nowhow.ch<\/p>\n","protected":false},"author":1,"featured_media":0,"parent":305,"menu_order":0,"comment_status":"closed","ping_status":"closed","template":"","meta":{"footnotes":""},"class_list":["post-772","page","type-page","status-publish"],"_links":{"self":[{"href":"https:\/\/alt.vetdata.ch\/fr\/wp-json\/wp\/v2\/pages\/772","targetHints":{"allow":["GET"]}}],"collection":[{"href":"https:\/\/alt.vetdata.ch\/fr\/wp-json\/wp\/v2\/pages"}],"about":[{"href":"https:\/\/alt.vetdata.ch\/fr\/wp-json\/wp\/v2\/types\/page"}],"author":[{"embeddable":true,"href":"https:\/\/alt.vetdata.ch\/fr\/wp-json\/wp\/v2\/users\/1"}],"replies":[{"embeddable":true,"href":"https:\/\/alt.vetdata.ch\/fr\/wp-json\/wp\/v2\/comments?post=772"}],"version-history":[{"count":11,"href":"https:\/\/alt.vetdata.ch\/fr\/wp-json\/wp\/v2\/pages\/772\/revisions"}],"predecessor-version":[{"id":980,"href":"https:\/\/alt.vetdata.ch\/fr\/wp-json\/wp\/v2\/pages\/772\/revisions\/980"}],"up":[{"embeddable":true,"href":"https:\/\/alt.vetdata.ch\/fr\/wp-json\/wp\/v2\/pages\/305"}],"wp:attachment":[{"href":"https:\/\/alt.vetdata.ch\/fr\/wp-json\/wp\/v2\/media?parent=772"}],"curies":[{"name":"wp","href":"https:\/\/api.w.org\/{rel}","templated":true}]}}