{"id":305,"date":"2023-11-05T18:48:42","date_gmt":"2023-11-05T17:48:42","guid":{"rendered":"https:\/\/alt.vetdata.ch\/page-daccueil\/"},"modified":"2025-09-10T12:05:33","modified_gmt":"2025-09-10T10:05:33","slug":"page-daccueil","status":"publish","type":"page","link":"https:\/\/alt.vetdata.ch\/fr\/","title":{"rendered":"Page d&rsquo;accueil"},"content":{"rendered":"\n<div class=\"wp-block-buttons has-custom-font-size has-medium-font-size is-horizontal is-content-justification-right is-layout-flex wp-container-core-buttons-is-layout-9bf5a516 wp-block-buttons-is-layout-flex\">\n<div class=\"wp-block-button is-style-fill\"><a class=\"wp-block-button__link wp-element-button\" href=\"https:\/\/app.vetdata.ch\/login?autologin=totp\" style=\"border-radius:0px\" target=\"_blank\" rel=\"noreferrer noopener\">Login Authenticator<\/a><\/div>\n\n\n\n<div class=\"wp-block-button is-style-fill\"><a class=\"wp-block-button__link wp-element-button\" href=\"https:\/\/app.vetdata.ch\/login?autologin=sms\" style=\"border-radius:0px\" target=\"_blank\" rel=\"noreferrer noopener\">Login SMS<\/a><\/div>\n\n\n\n<div class=\"wp-block-button is-style-fill\"><a class=\"wp-block-button__link wp-element-button\" href=\"https:\/\/app.vetdata.ch\/registration\" style=\"border-radius:0px\" target=\"_blank\" rel=\"noreferrer noopener\">Registration<\/a><\/div>\n<\/div>\n\n<p><\/p>\n\n<div class=\"wp-block-columns is-layout-flex wp-container-core-columns-is-layout-9d6595d7 wp-block-columns-is-layout-flex\">\n<div class=\"wp-block-column is-layout-flow wp-block-column-is-layout-flow\">\n<h2 class=\"wp-block-heading\">La plate-forme de donn\u00e9es pour les v\u00e9t\u00e9rinaires en Suisse<\/h2>\n\n\n\n<p><strong>VETdata fournit<\/strong>une<strong> plateforme d&rsquo;\u00e9change et de stockage des donn\u00e9es d&rsquo;entreprise digitales<\/strong> (commandes, factures, bons de livraison, donn\u00e9es comptables, etc.) qui permet \u00e9galement de stocker vos propres documents sous forme num\u00e9rique (digitalis\u00e9e).<\/p>\n\n\n\n<p>La plate-forme assure en outre une liaison id\u00e9ale avec <a href=\"https:\/\/www.tvs-ogv.ch\" target=\"_blank\" rel=\"noreferrer noopener\">OGV <\/a>(Office de facturation v\u00e9t\u00e9rinaire GST SA) et <a href=\"https:\/\/www.vetpoint.ch\" target=\"_blank\" rel=\"noreferrer noopener\">Vetpoint <\/a>(plate-forme de commande par Internet pour les fournitures v\u00e9t\u00e9rinaires).<\/p>\n\n\n\n<p>Les utilisateurs d\u00e9j\u00e0 activ\u00e9s (provenant de cabinets v\u00e9t\u00e9rinaires) peuvent se connecter au moyen du <a href=\"https:\/\/app.vetdata.ch\/login?autologin=true\" data-type=\"link\" data-id=\"https:\/\/app.vetdata.ch\/login?autologin=true\">bouton de connexion<\/a>.<\/p>\n\n\n\n<p>Les cabinets v\u00e9t\u00e9rinaires qui ne sont pas encore enregistr\u00e9s peuvent <strong>demander un acc\u00e8s<\/strong> <a href=\"https:\/\/app.vetdata.ch\/registration\" data-type=\"link\" data-id=\"https:\/\/app.vetdata.ch\/registration\">ici<\/a>.<\/p>\n\n\n\n<h2 class=\"wp-block-heading has-accent-color has-text-color has-link-color has-large-font-size wp-elements-3be398f7e3c899e810f5d587535a7590\"><strong>Interruption du syst\u00e8me VETdata &#8211; Mise \u00e0 jour vers une nouvelle version<\/strong><\/h2>\n\n\n\n<p>Le <strong>lundi 15 septembre 2025 \u00e0 partir de 17h00<\/strong>, VETdata ne sera pas disponible en raison de l&rsquo;installation d&rsquo;une nouvelle version.<br\/><br\/>\u00c0 partir du <strong>mardi 16 septembre 2025 \u00e0 6h00<\/strong>, la plateforme devrait \u00e0 nouveau \u00eatre accessible comme d&rsquo;habitude.<br\/><br\/>Nous vous fournirons prochainement des informations d\u00e9taill\u00e9es sur la nouvelle version.<\/p>\n<\/div>\n\n\n\n<div class=\"wp-block-column is-layout-flow wp-block-column-is-layout-flow\">\n<figure class=\"wp-block-image size-large is-style-default\"><img loading=\"lazy\" decoding=\"async\" width=\"842\" height=\"1024\" src=\"https:\/\/alt.vetdata.ch\/wp-content\/uploads\/2023\/11\/foto-colage-1-842x1024.webp\" alt=\"\" class=\"wp-image-119\" srcset=\"https:\/\/alt.vetdata.ch\/wp-content\/uploads\/2023\/11\/foto-colage-1-842x1024.webp 842w, https:\/\/alt.vetdata.ch\/wp-content\/uploads\/2023\/11\/foto-colage-1-247x300.webp 247w, https:\/\/alt.vetdata.ch\/wp-content\/uploads\/2023\/11\/foto-colage-1-768x934.webp 768w, https:\/\/alt.vetdata.ch\/wp-content\/uploads\/2023\/11\/foto-colage-1.webp 849w\" sizes=\"auto, (max-width: 842px) 100vw, 842px\" \/><\/figure>\n<\/div>\n<\/div>\n\n<p><\/p>\n","protected":false},"excerpt":{"rendered":"<p>La plate-forme de donn\u00e9es pour les v\u00e9t\u00e9rinaires en Suisse VETdata fournitune plateforme d&rsquo;\u00e9change et de stockage des donn\u00e9es d&rsquo;entreprise digitales (commandes, factures, bons de livraison, donn\u00e9es comptables, etc.) qui permet \u00e9galement de stocker vos propres documents sous forme num\u00e9rique (digitalis\u00e9e). La plate-forme assure en outre une liaison id\u00e9ale avec OGV (Office de facturation v\u00e9t\u00e9rinaire GST &#8230; <a title=\"Page d&rsquo;accueil\" class=\"read-more\" href=\"https:\/\/alt.vetdata.ch\/fr\/\" aria-label=\"En savoir plus sur Page d&rsquo;accueil\">Lire la suite<\/a><\/p>\n","protected":false},"author":1,"featured_media":0,"parent":0,"menu_order":0,"comment_status":"closed","ping_status":"closed","template":"","meta":{"footnotes":""},"class_list":["post-305","page","type-page","status-publish"],"_links":{"self":[{"href":"https:\/\/alt.vetdata.ch\/fr\/wp-json\/wp\/v2\/pages\/305","targetHints":{"allow":["GET"]}}],"collection":[{"href":"https:\/\/alt.vetdata.ch\/fr\/wp-json\/wp\/v2\/pages"}],"about":[{"href":"https:\/\/alt.vetdata.ch\/fr\/wp-json\/wp\/v2\/types\/page"}],"author":[{"embeddable":true,"href":"https:\/\/alt.vetdata.ch\/fr\/wp-json\/wp\/v2\/users\/1"}],"replies":[{"embeddable":true,"href":"https:\/\/alt.vetdata.ch\/fr\/wp-json\/wp\/v2\/comments?post=305"}],"version-history":[{"count":31,"href":"https:\/\/alt.vetdata.ch\/fr\/wp-json\/wp\/v2\/pages\/305\/revisions"}],"predecessor-version":[{"id":1615,"href":"https:\/\/alt.vetdata.ch\/fr\/wp-json\/wp\/v2\/pages\/305\/revisions\/1615"}],"wp:attachment":[{"href":"https:\/\/alt.vetdata.ch\/fr\/wp-json\/wp\/v2\/media?parent=305"}],"curies":[{"name":"wp","href":"https:\/\/api.w.org\/{rel}","templated":true}]}}