{"id":1574,"date":"2025-08-15T17:28:08","date_gmt":"2025-08-15T15:28:08","guid":{"rendered":"https:\/\/alt.vetdata.ch\/documentation-pour-les-groupes-de-pratique\/"},"modified":"2025-08-15T17:52:15","modified_gmt":"2025-08-15T15:52:15","slug":"groupes-de-pratique","status":"publish","type":"page","link":"https:\/\/alt.vetdata.ch\/fr\/groupes-de-pratique\/","title":{"rendered":"Documentation pour les groupes de pratique"},"content":{"rendered":"\n<p>L&rsquo;acc\u00e8s pour les groupes de cabinets m\u00e9dicaux se compose de deux variantes principales. D&rsquo;une part, nous avons cr\u00e9\u00e9 un <strong>portail<\/strong> qui permet d&rsquo;<strong>acc\u00e9der<\/strong> <strong>de mani\u00e8re centralis\u00e9e aux logins des diff\u00e9rents cabinets v\u00e9t\u00e9rin<\/strong> aires et, d&rsquo;autre part, nous proposons une nouvelle interface qui permet la <strong>consultation automatis\u00e9e des donn\u00e9es<\/strong> de tous les cabinets v\u00e9t\u00e9rinaires activ\u00e9s. <\/p>\n\n<figure class=\"wp-block-image size-full\"><img loading=\"lazy\" decoding=\"async\" width=\"244\" height=\"203\" src=\"https:\/\/alt.vetdata.ch\/wp-content\/uploads\/2025\/08\/Portal-fuer-Praxisgruppen.png\" alt=\"\" class=\"wp-image-1538\"\/><\/figure>\n\n<div style=\"height:40px\" aria-hidden=\"true\" class=\"wp-block-spacer\"><\/div>\n\n<h2 class=\"wp-block-heading\">Portail pour les groupes de pratique<\/h2>\n\n<h3 class=\"wp-block-heading\">Factures<\/h3>\n\n<p>Le portail permet de <strong>rechercher<\/strong>, de filtrer et d&rsquo;afficher les d\u00e9tails des factures et des notes de cr\u00e9dit <strong>pour tous les groupes dans<\/strong> l&rsquo;option de menu \u00ab\u00a0<strong>Factures<\/strong>\u00ab\u00a0. Il est \u00e9galement possible de \u00ab\u00a0d\u00e9plier\u00a0\u00bb les factures et d&rsquo;afficher ainsi les d\u00e9tails des postes.   <\/p>\n\n<p>Il est \u00e9galement possible <strong>d&rsquo;exporter<\/strong> les factures\/cr\u00e9dits affich\u00e9s dans <strong>un fichier XML ou CSV<\/strong> avec tous les <strong>d\u00e9tails des postes<\/strong>. Cela permet de cr\u00e9er facilement des rapports individuels ou de transf\u00e9rer les donn\u00e9es vers d&rsquo;autres syst\u00e8mes. <\/p>\n\n<figure class=\"wp-block-image size-full is-resized\"><img loading=\"lazy\" decoding=\"async\" width=\"607\" height=\"116\" src=\"https:\/\/alt.vetdata.ch\/wp-content\/uploads\/2025\/08\/Praxisgruppen-Rechnungsliste.png\" alt=\"\" class=\"wp-image-1542\" style=\"width:760px;height:auto\" srcset=\"https:\/\/alt.vetdata.ch\/wp-content\/uploads\/2025\/08\/Praxisgruppen-Rechnungsliste.png 607w, https:\/\/alt.vetdata.ch\/wp-content\/uploads\/2025\/08\/Praxisgruppen-Rechnungsliste-300x57.png 300w\" sizes=\"auto, (max-width: 607px) 100vw, 607px\" \/><\/figure>\n\n<div style=\"height:40px\" aria-hidden=\"true\" class=\"wp-block-spacer\"><\/div>\n\n<h3 class=\"wp-block-heading\">Participants<\/h3>\n\n<p>Dans le point de menu \u00ab\u00a0Participants\u00a0\u00bb se trouve l&rsquo;<strong>aper\u00e7u des participants VETdata activ\u00e9s. <\/strong>En cliquant sur l&rsquo;ic\u00f4ne <img loading=\"lazy\" decoding=\"async\" width=\"29\" height=\"18\" src=\"data:image\/png;base64,\/9j\/4AAQSkZJRgABAQEAYABgAAD\/2wBDAAoHBwkHBgoJCAkLCwoMDxkQDw4ODx4WFxIZJCAmJSMgIyIoLTkwKCo2KyIjMkQyNjs9QEBAJjBGS0U+Sjk\/QD3\/2wBDAQsLCw8NDx0QEB09KSMpPT09PT09PT09PT09PT09PT09PT09PT09PT09PT09PT09PT09PT09PT09PT09PT09PT3\/wAARCAASAB0DASIAAhEBAxEB\/8QAHwAAAQUBAQEBAQEAAAAAAAAAAAECAwQFBgcICQoL\/8QAtRAAAgEDAwIEAwUFBAQAAAF9AQIDAAQRBRIhMUEGE1FhByJxFDKBkaEII0KxwRVS0fAkM2JyggkKFhcYGRolJicoKSo0NTY3ODk6Q0RFRkdISUpTVFVWV1hZWmNkZWZnaGlqc3R1dnd4eXqDhIWGh4iJipKTlJWWl5iZmqKjpKWmp6ipqrKztLW2t7i5usLDxMXGx8jJytLT1NXW19jZ2uHi4+Tl5ufo6erx8vP09fb3+Pn6\/8QAHwEAAwEBAQEBAQEBAQAAAAAAAAECAwQFBgcICQoL\/8QAtREAAgECBAQDBAcFBAQAAQJ3AAECAxEEBSExBhJBUQdhcRMiMoEIFEKRobHBCSMzUvAVYnLRChYkNOEl8RcYGRomJygpKjU2Nzg5OkNERUZHSElKU1RVVldYWVpjZGVmZ2hpanN0dXZ3eHl6goOEhYaHiImKkpOUlZaXmJmaoqOkpaanqKmqsrO0tba3uLm6wsPExcbHyMnK0tPU1dbX2Nna4uPk5ebn6Onq8vP09fb3+Pn6\/9oADAMBAAIRAxEAPwD2avEfFmv65F4vugbq5geGXbBEjEDaD8uB0Oa9T8V+JIvC+kG8kiMrs4jjTOAWPPJ7DiuF8PeOLzxF4utILqDTkjcnBMO51ABIAYmu7Bxkr1OW6ObESVuS9mel6ZJPNpdrJdLtuHiVpF9GIGatV4\/feJNVub281I65aRvpcjLDAuQs4J9M\/N+NeneHb2XUfD9ldTyxSyyxBmeL7pNY1qDgud9S6dRN8hdntYLpAlxDHMoOQsiBhn8ahj0uwhkWSKytkdeQyxKCPxxRRRT+Ac9zgvEtjar8RdAjFtCElLmRRGMOd3cd69Dto0itokjRURVACqMAUUVriP4UP67mdP8AiyP\/2Q==\"\/>, vous acc\u00e9dez \u00e0 la <strong>vue telle que l&rsquo;utilisateur principal de ce participant la poss\u00e8de<\/strong> et pouvez ainsi naviguer sans peine en tant qu&rsquo;utilisateur principal de ce participant.<\/p>\n\n<div style=\"height:40px\" aria-hidden=\"true\" class=\"wp-block-spacer\"><\/div>\n\n<h3 class=\"wp-block-heading\">Param\u00e8tres<\/h3>\n\n<p>Dans les param\u00e8tres, vous pouvez cr\u00e9er un <strong>nombre illimit\u00e9 d&rsquo;autres utilisateurs de groupes de pratique<\/strong>, qui disposent \u00e0 leur tour soit de droits d&rsquo;administration, soit de droits de lecture uniquement.<\/p>\n\n<figure class=\"wp-block-image size-full is-resized\"><img loading=\"lazy\" decoding=\"async\" width=\"607\" height=\"71\" src=\"https:\/\/alt.vetdata.ch\/wp-content\/uploads\/2025\/08\/Praxisgruppen-Benutzer.png\" alt=\"\" class=\"wp-image-1546\" style=\"width:760px;height:auto\" srcset=\"https:\/\/alt.vetdata.ch\/wp-content\/uploads\/2025\/08\/Praxisgruppen-Benutzer.png 607w, https:\/\/alt.vetdata.ch\/wp-content\/uploads\/2025\/08\/Praxisgruppen-Benutzer-300x35.png 300w\" sizes=\"auto, (max-width: 607px) 100vw, 607px\" \/><\/figure>\n\n<hr class=\"wp-block-separator has-alpha-channel-opacity\"\/>\n\n<h2 class=\"wp-block-heading\">Interface pour les groupes de pratique &#8211; service web<\/h2>\n\n<p>L&rsquo;interface automatique pour la r\u00e9cup\u00e9ration des donn\u00e9es est d\u00e9crite plus en d\u00e9tail dans les sp\u00e9cifications. Vous les trouverez \u00e0 l&rsquo;adresse <a href=\"https:\/\/alt.vetdata.ch\/wp-content\/uploads\/2025\/08\/PraxisgruppenSchnittstelle.pdf\" data-type=\"attachment\" data-id=\"1550\">https:\/\/alt.vetdata.ch\/schnittstelle-praxisgruppen.<\/a> <\/p>\n\n<hr class=\"wp-block-separator has-alpha-channel-opacity\"\/>\n\n<h2 class=\"wp-block-heading\">G\u00e9n\u00e9ralit\u00e9s<\/h2>\n\n<p>Ces possibilit\u00e9s offrent un potentiel d&rsquo;optimisation consid\u00e9rable \u00e0 un<a href=\"https:\/\/alt.vetdata.ch\/fr\/services-abonnements-et-prix\/\" data-type=\"page\" data-id=\"1500\"> tarif avantageux<\/a>.<\/p>\n\n<p>Nous serons heureux d&rsquo;ouvrir un acc\u00e8s correspondant \u00e0 votre groupe de cabinets. Pour cela, il faut que les cabinets individuels soient en possession du groupe de cabinets correspondant.   <\/p>\n\n<p>Nous devons \u00e9galement savoir quelle variante vous souhaitez ou comment la facturation des co\u00fbts doit \u00eatre organis\u00e9e.<\/p>\n\n<p>N&rsquo;h\u00e9sitez pas \u00e0 nous contacter pour la mise en ligne des services correspondants ou si vous avez des questions.<\/p>\n\n<p><\/p>\n","protected":false},"excerpt":{"rendered":"<p>L&rsquo;acc\u00e8s pour les groupes de cabinets m\u00e9dicaux se compose de deux variantes principales. D&rsquo;une part, nous avons cr\u00e9\u00e9 un portail qui permet d&rsquo;acc\u00e9der de mani\u00e8re centralis\u00e9e aux logins des diff\u00e9rents cabinets v\u00e9t\u00e9rin aires et, d&rsquo;autre part, nous proposons une nouvelle interface qui permet la consultation automatis\u00e9e des donn\u00e9es de tous les cabinets v\u00e9t\u00e9rinaires activ\u00e9s. Portail &#8230; <a title=\"Documentation pour les groupes de pratique\" class=\"read-more\" href=\"https:\/\/alt.vetdata.ch\/fr\/groupes-de-pratique\/\" aria-label=\"En savoir plus sur Documentation pour les groupes de pratique\">Lire la suite<\/a><\/p>\n","protected":false},"author":1,"featured_media":0,"parent":0,"menu_order":0,"comment_status":"closed","ping_status":"closed","template":"","meta":{"footnotes":""},"class_list":["post-1574","page","type-page","status-publish"],"_links":{"self":[{"href":"https:\/\/alt.vetdata.ch\/fr\/wp-json\/wp\/v2\/pages\/1574","targetHints":{"allow":["GET"]}}],"collection":[{"href":"https:\/\/alt.vetdata.ch\/fr\/wp-json\/wp\/v2\/pages"}],"about":[{"href":"https:\/\/alt.vetdata.ch\/fr\/wp-json\/wp\/v2\/types\/page"}],"author":[{"embeddable":true,"href":"https:\/\/alt.vetdata.ch\/fr\/wp-json\/wp\/v2\/users\/1"}],"replies":[{"embeddable":true,"href":"https:\/\/alt.vetdata.ch\/fr\/wp-json\/wp\/v2\/comments?post=1574"}],"version-history":[{"count":1,"href":"https:\/\/alt.vetdata.ch\/fr\/wp-json\/wp\/v2\/pages\/1574\/revisions"}],"predecessor-version":[{"id":1577,"href":"https:\/\/alt.vetdata.ch\/fr\/wp-json\/wp\/v2\/pages\/1574\/revisions\/1577"}],"wp:attachment":[{"href":"https:\/\/alt.vetdata.ch\/fr\/wp-json\/wp\/v2\/media?parent=1574"}],"curies":[{"name":"wp","href":"https:\/\/api.w.org\/{rel}","templated":true}]}}